{"id":614,"date":"2025-03-13T11:10:25","date_gmt":"2025-03-13T10:10:25","guid":{"rendered":"https:\/\/martabozyk.asp.krakow.pl\/?page_id=614"},"modified":"2025-04-10T18:36:14","modified_gmt":"2025-04-10T16:36:14","slug":"2025-2","status":"publish","type":"page","link":"https:\/\/martabozyk.asp.krakow.pl\/?page_id=614","title":{"rendered":"wystawy\/ exhibitions 2025"},"content":{"rendered":"\n<p>Odbite w pami\u0119ci wystawa Marty z koncertem Magdaleny Bo\u017cyk, Wrz\u0105sowice, Stara szko\u0142a, na zaproszenie prof. Micha\u0142a Nagyego <\/p>\n\n\n\n<figure class=\"wp-block-embed\"><div class=\"wp-block-embed__wrapper\">\nhttps:\/\/magdabozyk.com\n<\/div><\/figure>\n\n\n\n<figure class=\"wp-block-gallery has-nested-images columns-default is-cropped wp-block-gallery-1 is-layout-flex wp-block-gallery-is-layout-flex\">\n<figure class=\"wp-block-image size-large\"><a href=\"https:\/\/martabozyk.asp.krakow.pl\/wp-content\/uploads\/2025\/04\/IMG_7915.jpg\"><img loading=\"lazy\" decoding=\"async\" width=\"457\" height=\"640\" data-id=\"1114\" src=\"https:\/\/martabozyk.asp.krakow.pl\/wp-content\/uploads\/2025\/04\/IMG_7915.jpg\" alt=\"\" class=\"wp-image-1114\" srcset=\"https:\/\/martabozyk.asp.krakow.pl\/wp-content\/uploads\/2025\/04\/IMG_7915.jpg 457w, https:\/\/martabozyk.asp.krakow.pl\/wp-content\/uploads\/2025\/04\/IMG_7915-214x300.jpg 214w\" sizes=\"auto, (max-width: 457px) 100vw, 457px\" \/><\/a><\/figure>\n\n\n\n<figure class=\"wp-block-image size-large\"><a href=\"https:\/\/martabozyk.asp.krakow.pl\/wp-content\/uploads\/2025\/04\/30be9e92-969f-45a5-9b3d-ff15c82a739b.jpg\"><img loading=\"lazy\" decoding=\"async\" width=\"768\" height=\"1024\" data-id=\"1110\" src=\"https:\/\/martabozyk.asp.krakow.pl\/wp-content\/uploads\/2025\/04\/30be9e92-969f-45a5-9b3d-ff15c82a739b-768x1024.jpg\" alt=\"\" class=\"wp-image-1110\" srcset=\"https:\/\/martabozyk.asp.krakow.pl\/wp-content\/uploads\/2025\/04\/30be9e92-969f-45a5-9b3d-ff15c82a739b-768x1024.jpg 768w, https:\/\/martabozyk.asp.krakow.pl\/wp-content\/uploads\/2025\/04\/30be9e92-969f-45a5-9b3d-ff15c82a739b-225x300.jpg 225w, https:\/\/martabozyk.asp.krakow.pl\/wp-content\/uploads\/2025\/04\/30be9e92-969f-45a5-9b3d-ff15c82a739b-1152x1536.jpg 1152w, https:\/\/martabozyk.asp.krakow.pl\/wp-content\/uploads\/2025\/04\/30be9e92-969f-45a5-9b3d-ff15c82a739b.jpg 1536w\" sizes=\"auto, (max-width: 768px) 100vw, 768px\" \/><\/a><\/figure>\n\n\n\n<figure class=\"wp-block-image size-large\"><a href=\"https:\/\/martabozyk.asp.krakow.pl\/wp-content\/uploads\/2025\/04\/75a8da3c-32fa-4b2d-8c03-a38cccb3340c.jpg\"><img loading=\"lazy\" decoding=\"async\" width=\"768\" height=\"1024\" data-id=\"1111\" src=\"https:\/\/martabozyk.asp.krakow.pl\/wp-content\/uploads\/2025\/04\/75a8da3c-32fa-4b2d-8c03-a38cccb3340c-768x1024.jpg\" alt=\"\" class=\"wp-image-1111\" srcset=\"https:\/\/martabozyk.asp.krakow.pl\/wp-content\/uploads\/2025\/04\/75a8da3c-32fa-4b2d-8c03-a38cccb3340c-768x1024.jpg 768w, https:\/\/martabozyk.asp.krakow.pl\/wp-content\/uploads\/2025\/04\/75a8da3c-32fa-4b2d-8c03-a38cccb3340c-225x300.jpg 225w, https:\/\/martabozyk.asp.krakow.pl\/wp-content\/uploads\/2025\/04\/75a8da3c-32fa-4b2d-8c03-a38cccb3340c-1152x1536.jpg 1152w, https:\/\/martabozyk.asp.krakow.pl\/wp-content\/uploads\/2025\/04\/75a8da3c-32fa-4b2d-8c03-a38cccb3340c.jpg 1200w\" sizes=\"auto, (max-width: 768px) 100vw, 768px\" \/><\/a><\/figure>\n\n\n\n<figure class=\"wp-block-image size-large\"><a href=\"https:\/\/martabozyk.asp.krakow.pl\/wp-content\/uploads\/2025\/04\/42ddf5dc-0625-420f-8d5a-e8eb43659425.jpg\"><img loading=\"lazy\" decoding=\"async\" width=\"768\" height=\"1024\" data-id=\"1112\" src=\"https:\/\/martabozyk.asp.krakow.pl\/wp-content\/uploads\/2025\/04\/42ddf5dc-0625-420f-8d5a-e8eb43659425-768x1024.jpg\" alt=\"\" class=\"wp-image-1112\" srcset=\"https:\/\/martabozyk.asp.krakow.pl\/wp-content\/uploads\/2025\/04\/42ddf5dc-0625-420f-8d5a-e8eb43659425-768x1024.jpg 768w, https:\/\/martabozyk.asp.krakow.pl\/wp-content\/uploads\/2025\/04\/42ddf5dc-0625-420f-8d5a-e8eb43659425-225x300.jpg 225w, https:\/\/martabozyk.asp.krakow.pl\/wp-content\/uploads\/2025\/04\/42ddf5dc-0625-420f-8d5a-e8eb43659425-1152x1536.jpg 1152w, https:\/\/martabozyk.asp.krakow.pl\/wp-content\/uploads\/2025\/04\/42ddf5dc-0625-420f-8d5a-e8eb43659425.jpg 1200w\" sizes=\"auto, (max-width: 768px) 100vw, 768px\" \/><\/a><\/figure>\n\n\n\n<figure class=\"wp-block-image size-large\"><a href=\"https:\/\/martabozyk.asp.krakow.pl\/wp-content\/uploads\/2025\/04\/3d8427185d7d4f958ec6cb768d1eeac0.jpeg\"><img loading=\"lazy\" decoding=\"async\" width=\"768\" height=\"1024\" data-id=\"1108\" src=\"https:\/\/martabozyk.asp.krakow.pl\/wp-content\/uploads\/2025\/04\/3d8427185d7d4f958ec6cb768d1eeac0-768x1024.jpeg\" alt=\"\" class=\"wp-image-1108\" srcset=\"https:\/\/martabozyk.asp.krakow.pl\/wp-content\/uploads\/2025\/04\/3d8427185d7d4f958ec6cb768d1eeac0-768x1024.jpeg 768w, https:\/\/martabozyk.asp.krakow.pl\/wp-content\/uploads\/2025\/04\/3d8427185d7d4f958ec6cb768d1eeac0-225x300.jpeg 225w, https:\/\/martabozyk.asp.krakow.pl\/wp-content\/uploads\/2025\/04\/3d8427185d7d4f958ec6cb768d1eeac0-1152x1536.jpeg 1152w, https:\/\/martabozyk.asp.krakow.pl\/wp-content\/uploads\/2025\/04\/3d8427185d7d4f958ec6cb768d1eeac0.jpeg 1536w\" sizes=\"auto, (max-width: 768px) 100vw, 768px\" \/><\/a><\/figure>\n\n\n\n<figure class=\"wp-block-image size-large\"><a href=\"https:\/\/martabozyk.asp.krakow.pl\/wp-content\/uploads\/2025\/04\/722e307e-f838-4d98-b8ef-ad22162fb85c.jpg\"><img loading=\"lazy\" decoding=\"async\" width=\"1024\" height=\"768\" data-id=\"1109\" src=\"https:\/\/martabozyk.asp.krakow.pl\/wp-content\/uploads\/2025\/04\/722e307e-f838-4d98-b8ef-ad22162fb85c-1024x768.jpg\" alt=\"\" class=\"wp-image-1109\" srcset=\"https:\/\/martabozyk.asp.krakow.pl\/wp-content\/uploads\/2025\/04\/722e307e-f838-4d98-b8ef-ad22162fb85c-1024x768.jpg 1024w, https:\/\/martabozyk.asp.krakow.pl\/wp-content\/uploads\/2025\/04\/722e307e-f838-4d98-b8ef-ad22162fb85c-300x225.jpg 300w, https:\/\/martabozyk.asp.krakow.pl\/wp-content\/uploads\/2025\/04\/722e307e-f838-4d98-b8ef-ad22162fb85c-768x576.jpg 768w, https:\/\/martabozyk.asp.krakow.pl\/wp-content\/uploads\/2025\/04\/722e307e-f838-4d98-b8ef-ad22162fb85c-1536x1152.jpg 1536w, https:\/\/martabozyk.asp.krakow.pl\/wp-content\/uploads\/2025\/04\/722e307e-f838-4d98-b8ef-ad22162fb85c.jpg 1600w\" sizes=\"auto, (max-width: 1024px) 100vw, 1024px\" \/><\/a><\/figure>\n\n\n\n<figure class=\"wp-block-image size-large\"><a href=\"https:\/\/martabozyk.asp.krakow.pl\/wp-content\/uploads\/2025\/04\/IMG_8033.jpg\"><img loading=\"lazy\" decoding=\"async\" width=\"640\" height=\"480\" data-id=\"1115\" src=\"https:\/\/martabozyk.asp.krakow.pl\/wp-content\/uploads\/2025\/04\/IMG_8033.jpg\" alt=\"\" class=\"wp-image-1115\" srcset=\"https:\/\/martabozyk.asp.krakow.pl\/wp-content\/uploads\/2025\/04\/IMG_8033.jpg 640w, https:\/\/martabozyk.asp.krakow.pl\/wp-content\/uploads\/2025\/04\/IMG_8033-300x225.jpg 300w\" sizes=\"auto, (max-width: 640px) 100vw, 640px\" \/><\/a><\/figure>\n\n\n\n<figure class=\"wp-block-image size-large\"><a href=\"https:\/\/martabozyk.asp.krakow.pl\/wp-content\/uploads\/2025\/04\/IMG_8034.jpg\"><img loading=\"lazy\" decoding=\"async\" width=\"640\" height=\"480\" data-id=\"1116\" src=\"https:\/\/martabozyk.asp.krakow.pl\/wp-content\/uploads\/2025\/04\/IMG_8034.jpg\" alt=\"\" class=\"wp-image-1116\" srcset=\"https:\/\/martabozyk.asp.krakow.pl\/wp-content\/uploads\/2025\/04\/IMG_8034.jpg 640w, https:\/\/martabozyk.asp.krakow.pl\/wp-content\/uploads\/2025\/04\/IMG_8034-300x225.jpg 300w\" sizes=\"auto, (max-width: 640px) 100vw, 640px\" \/><\/a><\/figure>\n\n\n\n<figure class=\"wp-block-image size-large\"><a href=\"https:\/\/martabozyk.asp.krakow.pl\/wp-content\/uploads\/2025\/04\/IMG_8035.jpg\"><img loading=\"lazy\" decoding=\"async\" width=\"640\" height=\"480\" data-id=\"1117\" src=\"https:\/\/martabozyk.asp.krakow.pl\/wp-content\/uploads\/2025\/04\/IMG_8035.jpg\" alt=\"\" class=\"wp-image-1117\" srcset=\"https:\/\/martabozyk.asp.krakow.pl\/wp-content\/uploads\/2025\/04\/IMG_8035.jpg 640w, https:\/\/martabozyk.asp.krakow.pl\/wp-content\/uploads\/2025\/04\/IMG_8035-300x225.jpg 300w\" sizes=\"auto, (max-width: 640px) 100vw, 640px\" \/><\/a><\/figure>\n\n\n\n<figure class=\"wp-block-image size-large\"><a href=\"https:\/\/martabozyk.asp.krakow.pl\/wp-content\/uploads\/2025\/04\/IMG_8036.jpg\"><img loading=\"lazy\" decoding=\"async\" width=\"640\" height=\"480\" data-id=\"1119\" src=\"https:\/\/martabozyk.asp.krakow.pl\/wp-content\/uploads\/2025\/04\/IMG_8036.jpg\" alt=\"\" class=\"wp-image-1119\" srcset=\"https:\/\/martabozyk.asp.krakow.pl\/wp-content\/uploads\/2025\/04\/IMG_8036.jpg 640w, https:\/\/martabozyk.asp.krakow.pl\/wp-content\/uploads\/2025\/04\/IMG_8036-300x225.jpg 300w\" sizes=\"auto, (max-width: 640px) 100vw, 640px\" \/><\/a><\/figure>\n\n\n\n<figure class=\"wp-block-image size-large\"><a href=\"https:\/\/martabozyk.asp.krakow.pl\/wp-content\/uploads\/2025\/04\/IMG_8037.jpg\"><img loading=\"lazy\" decoding=\"async\" width=\"640\" height=\"480\" data-id=\"1118\" src=\"https:\/\/martabozyk.asp.krakow.pl\/wp-content\/uploads\/2025\/04\/IMG_8037.jpg\" alt=\"\" class=\"wp-image-1118\" srcset=\"https:\/\/martabozyk.asp.krakow.pl\/wp-content\/uploads\/2025\/04\/IMG_8037.jpg 640w, https:\/\/martabozyk.asp.krakow.pl\/wp-content\/uploads\/2025\/04\/IMG_8037-300x225.jpg 300w\" sizes=\"auto, (max-width: 640px) 100vw, 640px\" \/><\/a><\/figure>\n\n\n\n<figure class=\"wp-block-image size-large\"><a href=\"https:\/\/martabozyk.asp.krakow.pl\/wp-content\/uploads\/2025\/04\/IMG_8038.jpg\"><img loading=\"lazy\" decoding=\"async\" width=\"640\" height=\"480\" data-id=\"1120\" src=\"https:\/\/martabozyk.asp.krakow.pl\/wp-content\/uploads\/2025\/04\/IMG_8038.jpg\" alt=\"\" class=\"wp-image-1120\" srcset=\"https:\/\/martabozyk.asp.krakow.pl\/wp-content\/uploads\/2025\/04\/IMG_8038.jpg 640w, https:\/\/martabozyk.asp.krakow.pl\/wp-content\/uploads\/2025\/04\/IMG_8038-300x225.jpg 300w\" sizes=\"auto, (max-width: 640px) 100vw, 640px\" \/><\/a><\/figure>\n\n\n\n<figure class=\"wp-block-image size-large\"><a href=\"https:\/\/martabozyk.asp.krakow.pl\/wp-content\/uploads\/2025\/04\/IMG_8099.jpg\"><img loading=\"lazy\" decoding=\"async\" width=\"640\" height=\"480\" data-id=\"1121\" src=\"https:\/\/martabozyk.asp.krakow.pl\/wp-content\/uploads\/2025\/04\/IMG_8099.jpg\" alt=\"\" class=\"wp-image-1121\" srcset=\"https:\/\/martabozyk.asp.krakow.pl\/wp-content\/uploads\/2025\/04\/IMG_8099.jpg 640w, https:\/\/martabozyk.asp.krakow.pl\/wp-content\/uploads\/2025\/04\/IMG_8099-300x225.jpg 300w\" sizes=\"auto, (max-width: 640px) 100vw, 640px\" \/><\/a><\/figure>\n<\/figure>\n","protected":false},"excerpt":{"rendered":"<p>Odbite w pami\u0119ci wystawa Marty z koncertem Magdaleny Bo\u017cyk, Wrz\u0105sowice, Stara szko\u0142a, na zaproszenie prof..<\/p>\n","protected":false},"author":2,"featured_media":0,"parent":0,"menu_order":0,"comment_status":"closed","ping_status":"closed","template":"","meta":{"footnotes":""},"class_list":["post-614","page","type-page","status-publish","hentry"],"_links":{"self":[{"href":"https:\/\/martabozyk.asp.krakow.pl\/index.php?rest_route=\/wp\/v2\/pages\/614","targetHints":{"allow":["GET"]}}],"collection":[{"href":"https:\/\/martabozyk.asp.krakow.pl\/index.php?rest_route=\/wp\/v2\/pages"}],"about":[{"href":"https:\/\/martabozyk.asp.krakow.pl\/index.php?rest_route=\/wp\/v2\/types\/page"}],"author":[{"embeddable":true,"href":"https:\/\/martabozyk.asp.krakow.pl\/index.php?rest_route=\/wp\/v2\/users\/2"}],"replies":[{"embeddable":true,"href":"https:\/\/martabozyk.asp.krakow.pl\/index.php?rest_route=%2Fwp%2Fv2%2Fcomments&post=614"}],"version-history":[{"count":3,"href":"https:\/\/martabozyk.asp.krakow.pl\/index.php?rest_route=\/wp\/v2\/pages\/614\/revisions"}],"predecessor-version":[{"id":1123,"href":"https:\/\/martabozyk.asp.krakow.pl\/index.php?rest_route=\/wp\/v2\/pages\/614\/revisions\/1123"}],"wp:attachment":[{"href":"https:\/\/martabozyk.asp.krakow.pl\/index.php?rest_route=%2Fwp%2Fv2%2Fmedia&parent=614"}],"curies":[{"name":"wp","href":"https:\/\/api.w.org\/{rel}","templated":true}]}}