{"id":779,"date":"2025-03-21T13:58:48","date_gmt":"2025-03-21T12:58:48","guid":{"rendered":"https:\/\/martabozyk.asp.krakow.pl\/?page_id=779"},"modified":"2025-03-21T13:58:48","modified_gmt":"2025-03-21T12:58:48","slug":"na-drugim-planie-ukryte-w-oltarzu-wita-stwosza","status":"publish","type":"page","link":"https:\/\/martabozyk.asp.krakow.pl\/?page_id=779","title":{"rendered":"Na drugim planie. Ukryte w o\u0142tarzu Wita Stwosza"},"content":{"rendered":"<div id='gallery-1' class='gallery galleryid-779 gallery-columns-5 gallery-size-thumbnail'><figure class='gallery-item'>\n\t\t\t<div class='gallery-icon portrait'>\n\t\t\t\t<a href='https:\/\/martabozyk.asp.krakow.pl\/?attachment_id=655'><img loading=\"lazy\" decoding=\"async\" width=\"150\" height=\"150\" src=\"https:\/\/martabozyk.asp.krakow.pl\/wp-content\/uploads\/2025\/03\/Stwosz_matryca-6_deska-drzeworytnicza_2022_Marta-Bozyk.jpg-150x150.jpg\" class=\"attachment-thumbnail size-thumbnail\" alt=\"\" \/><\/a>\n\t\t\t<\/div><\/figure><figure class='gallery-item'>\n\t\t\t<div class='gallery-icon portrait'>\n\t\t\t\t<a href='https:\/\/martabozyk.asp.krakow.pl\/?attachment_id=654'><img loading=\"lazy\" decoding=\"async\" width=\"150\" height=\"150\" src=\"https:\/\/martabozyk.asp.krakow.pl\/wp-content\/uploads\/2025\/03\/Stwosz_matryca-5_deska-drzeworytnicza_2022_Marta-Bozyk.jpg-150x150.jpg\" class=\"attachment-thumbnail size-thumbnail\" alt=\"\" \/><\/a>\n\t\t\t<\/div><\/figure><figure class='gallery-item'>\n\t\t\t<div class='gallery-icon landscape'>\n\t\t\t\t<a href='https:\/\/martabozyk.asp.krakow.pl\/?attachment_id=652'><img loading=\"lazy\" decoding=\"async\" width=\"150\" height=\"150\" src=\"https:\/\/martabozyk.asp.krakow.pl\/wp-content\/uploads\/2025\/03\/Stwosz_matryca-3_deska-drzeworytnicza_2022_Marta-Bozyk.jpg-150x150.jpg\" class=\"attachment-thumbnail size-thumbnail\" alt=\"\" srcset=\"https:\/\/martabozyk.asp.krakow.pl\/wp-content\/uploads\/2025\/03\/Stwosz_matryca-3_deska-drzeworytnicza_2022_Marta-Bozyk.jpg-150x150.jpg 150w, https:\/\/martabozyk.asp.krakow.pl\/wp-content\/uploads\/2025\/03\/Stwosz_matryca-3_deska-drzeworytnicza_2022_Marta-Bozyk.jpg.jpg 200w\" sizes=\"auto, (max-width: 150px) 100vw, 150px\" \/><\/a>\n\t\t\t<\/div><\/figure><figure class='gallery-item'>\n\t\t\t<div class='gallery-icon landscape'>\n\t\t\t\t<a href='https:\/\/martabozyk.asp.krakow.pl\/?attachment_id=653'><img loading=\"lazy\" decoding=\"async\" width=\"150\" height=\"150\" src=\"https:\/\/martabozyk.asp.krakow.pl\/wp-content\/uploads\/2025\/03\/Stwosz_matryca-4_deska-drzeworytnicza_2022_Marta-Bozyk.jpg-150x150.jpg\" class=\"attachment-thumbnail size-thumbnail\" alt=\"\" \/><\/a>\n\t\t\t<\/div><\/figure><figure class='gallery-item'>\n\t\t\t<div class='gallery-icon portrait'>\n\t\t\t\t<a href='https:\/\/martabozyk.asp.krakow.pl\/?attachment_id=630'><img loading=\"lazy\" decoding=\"async\" width=\"150\" height=\"150\" src=\"https:\/\/martabozyk.asp.krakow.pl\/wp-content\/uploads\/2025\/03\/deska-drzeworytnicza-z-motywem-isnpirowanym-detalami-u-Stwosza-2022-150x150.jpg\" class=\"attachment-thumbnail size-thumbnail\" alt=\"\" \/><\/a>\n\t\t\t<\/div><\/figure><figure class='gallery-item'>\n\t\t\t<div class='gallery-icon landscape'>\n\t\t\t\t<a href='https:\/\/martabozyk.asp.krakow.pl\/?attachment_id=650'><img loading=\"lazy\" decoding=\"async\" width=\"150\" height=\"150\" src=\"https:\/\/martabozyk.asp.krakow.pl\/wp-content\/uploads\/2025\/03\/DSC04014-150x150.jpg\" class=\"attachment-thumbnail size-thumbnail\" alt=\"\" \/><\/a>\n\t\t\t<\/div><\/figure><figure class='gallery-item'>\n\t\t\t<div class='gallery-icon landscape'>\n\t\t\t\t<a href='https:\/\/martabozyk.asp.krakow.pl\/?attachment_id=651'><img loading=\"lazy\" decoding=\"async\" width=\"150\" height=\"150\" src=\"https:\/\/martabozyk.asp.krakow.pl\/wp-content\/uploads\/2025\/03\/DSC04033-150x150.jpg\" class=\"attachment-thumbnail size-thumbnail\" alt=\"\" \/><\/a>\n\t\t\t<\/div><\/figure><figure class='gallery-item'>\n\t\t\t<div class='gallery-icon landscape'>\n\t\t\t\t<a href='https:\/\/martabozyk.asp.krakow.pl\/?attachment_id=638'><img loading=\"lazy\" decoding=\"async\" width=\"150\" height=\"150\" src=\"https:\/\/martabozyk.asp.krakow.pl\/wp-content\/uploads\/2025\/03\/DSC03954-150x150.jpg\" class=\"attachment-thumbnail size-thumbnail\" alt=\"\" \/><\/a>\n\t\t\t<\/div><\/figure><figure class='gallery-item'>\n\t\t\t<div class='gallery-icon portrait'>\n\t\t\t\t<a href='https:\/\/martabozyk.asp.krakow.pl\/?attachment_id=648'><img loading=\"lazy\" decoding=\"async\" width=\"150\" height=\"150\" src=\"https:\/\/martabozyk.asp.krakow.pl\/wp-content\/uploads\/2025\/03\/DSC04012-150x150.jpg\" class=\"attachment-thumbnail size-thumbnail\" alt=\"\" \/><\/a>\n\t\t\t<\/div><\/figure><figure class='gallery-item'>\n\t\t\t<div class='gallery-icon portrait'>\n\t\t\t\t<a href='https:\/\/martabozyk.asp.krakow.pl\/?attachment_id=629'><img loading=\"lazy\" decoding=\"async\" width=\"150\" height=\"150\" src=\"https:\/\/martabozyk.asp.krakow.pl\/wp-content\/uploads\/2025\/03\/Czarne-rosliny-przestrzenne-pudelko-z-wycinanym-papierem-50x50cm-2022-150x150.jpg\" class=\"attachment-thumbnail size-thumbnail\" alt=\"\" srcset=\"https:\/\/martabozyk.asp.krakow.pl\/wp-content\/uploads\/2025\/03\/Czarne-rosliny-przestrzenne-pudelko-z-wycinanym-papierem-50x50cm-2022-150x150.jpg 150w, https:\/\/martabozyk.asp.krakow.pl\/wp-content\/uploads\/2025\/03\/Czarne-rosliny-przestrzenne-pudelko-z-wycinanym-papierem-50x50cm-2022-300x300.jpg 300w, https:\/\/martabozyk.asp.krakow.pl\/wp-content\/uploads\/2025\/03\/Czarne-rosliny-przestrzenne-pudelko-z-wycinanym-papierem-50x50cm-2022.jpg 319w\" sizes=\"auto, (max-width: 150px) 100vw, 150px\" \/><\/a>\n\t\t\t<\/div><\/figure><figure class='gallery-item'>\n\t\t\t<div class='gallery-icon landscape'>\n\t\t\t\t<a href='https:\/\/martabozyk.asp.krakow.pl\/?attachment_id=647'><img loading=\"lazy\" decoding=\"async\" width=\"150\" height=\"150\" src=\"https:\/\/martabozyk.asp.krakow.pl\/wp-content\/uploads\/2025\/03\/DSC04011-150x150.jpg\" class=\"attachment-thumbnail size-thumbnail\" alt=\"\" \/><\/a>\n\t\t\t<\/div><\/figure><figure class='gallery-item'>\n\t\t\t<div class='gallery-icon landscape'>\n\t\t\t\t<a href='https:\/\/martabozyk.asp.krakow.pl\/?attachment_id=636'><img loading=\"lazy\" decoding=\"async\" width=\"150\" height=\"150\" src=\"https:\/\/martabozyk.asp.krakow.pl\/wp-content\/uploads\/2025\/03\/DSC03940-150x150.jpg\" class=\"attachment-thumbnail size-thumbnail\" alt=\"\" \/><\/a>\n\t\t\t<\/div><\/figure><figure class='gallery-item'>\n\t\t\t<div class='gallery-icon landscape'>\n\t\t\t\t<a href='https:\/\/martabozyk.asp.krakow.pl\/?attachment_id=649'><img loading=\"lazy\" decoding=\"async\" width=\"150\" height=\"150\" src=\"https:\/\/martabozyk.asp.krakow.pl\/wp-content\/uploads\/2025\/03\/DSC04013-150x150.jpg\" class=\"attachment-thumbnail size-thumbnail\" alt=\"\" \/><\/a>\n\t\t\t<\/div><\/figure><figure class='gallery-item'>\n\t\t\t<div class='gallery-icon landscape'>\n\t\t\t\t<a href='https:\/\/martabozyk.asp.krakow.pl\/?attachment_id=643'><img loading=\"lazy\" decoding=\"async\" width=\"150\" height=\"150\" src=\"https:\/\/martabozyk.asp.krakow.pl\/wp-content\/uploads\/2025\/03\/DSC03971-150x150.jpg\" class=\"attachment-thumbnail size-thumbnail\" alt=\"\" \/><\/a>\n\t\t\t<\/div><\/figure><figure class='gallery-item'>\n\t\t\t<div class='gallery-icon landscape'>\n\t\t\t\t<a href='https:\/\/martabozyk.asp.krakow.pl\/?attachment_id=642'><img loading=\"lazy\" decoding=\"async\" width=\"150\" height=\"150\" src=\"https:\/\/martabozyk.asp.krakow.pl\/wp-content\/uploads\/2025\/03\/DSC03970-150x150.jpg\" class=\"attachment-thumbnail size-thumbnail\" alt=\"\" \/><\/a>\n\t\t\t<\/div><\/figure><figure class='gallery-item'>\n\t\t\t<div class='gallery-icon portrait'>\n\t\t\t\t<a href='https:\/\/martabozyk.asp.krakow.pl\/?attachment_id=645'><img loading=\"lazy\" decoding=\"async\" width=\"150\" height=\"150\" src=\"https:\/\/martabozyk.asp.krakow.pl\/wp-content\/uploads\/2025\/03\/DSC04001-150x150.jpg\" class=\"attachment-thumbnail size-thumbnail\" alt=\"\" \/><\/a>\n\t\t\t<\/div><\/figure><figure class='gallery-item'>\n\t\t\t<div class='gallery-icon landscape'>\n\t\t\t\t<a href='https:\/\/martabozyk.asp.krakow.pl\/?attachment_id=656'><img loading=\"lazy\" decoding=\"async\" width=\"150\" height=\"150\" src=\"https:\/\/martabozyk.asp.krakow.pl\/wp-content\/uploads\/2025\/03\/katalog-PO-KOREKTACH2_Strona_07-150x150.jpg\" class=\"attachment-thumbnail size-thumbnail\" alt=\"\" \/><\/a>\n\t\t\t<\/div><\/figure><figure class='gallery-item'>\n\t\t\t<div class='gallery-icon portrait'>\n\t\t\t\t<a href='https:\/\/martabozyk.asp.krakow.pl\/?attachment_id=639'><img loading=\"lazy\" decoding=\"async\" width=\"150\" height=\"150\" src=\"https:\/\/martabozyk.asp.krakow.pl\/wp-content\/uploads\/2025\/03\/DSC03962-150x150.jpg\" class=\"attachment-thumbnail size-thumbnail\" alt=\"\" \/><\/a>\n\t\t\t<\/div><\/figure><figure class='gallery-item'>\n\t\t\t<div class='gallery-icon landscape'>\n\t\t\t\t<a href='https:\/\/martabozyk.asp.krakow.pl\/?attachment_id=646'><img loading=\"lazy\" decoding=\"async\" width=\"150\" height=\"150\" src=\"https:\/\/martabozyk.asp.krakow.pl\/wp-content\/uploads\/2025\/03\/DSC04006-150x150.jpg\" class=\"attachment-thumbnail size-thumbnail\" alt=\"\" aria-describedby=\"gallery-1-646\" \/><\/a>\n\t\t\t<\/div>\n\t\t\t\t<figcaption class='wp-caption-text gallery-caption' id='gallery-1-646'>\n\t\t\t\t\u017by\u0142y 1, ci\u0119ty papier, 2023\n\t\t\t\t<\/figcaption><\/figure><figure class='gallery-item'>\n\t\t\t<div class='gallery-icon landscape'>\n\t\t\t\t<a href='https:\/\/martabozyk.asp.krakow.pl\/?attachment_id=644'><img loading=\"lazy\" decoding=\"async\" width=\"150\" height=\"150\" src=\"https:\/\/martabozyk.asp.krakow.pl\/wp-content\/uploads\/2025\/03\/DSC03982-150x150.jpg\" class=\"attachment-thumbnail size-thumbnail\" alt=\"\" \/><\/a>\n\t\t\t<\/div><\/figure><figure class='gallery-item'>\n\t\t\t<div class='gallery-icon landscape'>\n\t\t\t\t<a href='https:\/\/martabozyk.asp.krakow.pl\/?attachment_id=633'><img loading=\"lazy\" decoding=\"async\" width=\"150\" height=\"150\" src=\"https:\/\/martabozyk.asp.krakow.pl\/wp-content\/uploads\/2025\/03\/DSC03924-150x150.jpg\" class=\"attachment-thumbnail size-thumbnail\" alt=\"\" \/><\/a>\n\t\t\t<\/div><\/figure><figure class='gallery-item'>\n\t\t\t<div class='gallery-icon landscape'>\n\t\t\t\t<a href='https:\/\/martabozyk.asp.krakow.pl\/?attachment_id=631'><img loading=\"lazy\" decoding=\"async\" width=\"150\" height=\"150\" src=\"https:\/\/martabozyk.asp.krakow.pl\/wp-content\/uploads\/2025\/03\/DSC03920-150x150.jpg\" class=\"attachment-thumbnail size-thumbnail\" alt=\"\" \/><\/a>\n\t\t\t<\/div><\/figure><figure class='gallery-item'>\n\t\t\t<div class='gallery-icon landscape'>\n\t\t\t\t<a href='https:\/\/martabozyk.asp.krakow.pl\/?attachment_id=632'><img loading=\"lazy\" decoding=\"async\" width=\"150\" height=\"150\" src=\"https:\/\/martabozyk.asp.krakow.pl\/wp-content\/uploads\/2025\/03\/DSC03923-150x150.jpg\" class=\"attachment-thumbnail size-thumbnail\" alt=\"\" \/><\/a>\n\t\t\t<\/div><\/figure><figure class='gallery-item'>\n\t\t\t<div class='gallery-icon landscape'>\n\t\t\t\t<a href='https:\/\/martabozyk.asp.krakow.pl\/?attachment_id=634'><img loading=\"lazy\" decoding=\"async\" width=\"150\" height=\"150\" src=\"https:\/\/martabozyk.asp.krakow.pl\/wp-content\/uploads\/2025\/03\/DSC03927-150x150.jpg\" class=\"attachment-thumbnail size-thumbnail\" alt=\"\" \/><\/a>\n\t\t\t<\/div><\/figure><figure class='gallery-item'>\n\t\t\t<div class='gallery-icon landscape'>\n\t\t\t\t<a href='https:\/\/martabozyk.asp.krakow.pl\/?attachment_id=635'><img loading=\"lazy\" decoding=\"async\" width=\"150\" height=\"150\" src=\"https:\/\/martabozyk.asp.krakow.pl\/wp-content\/uploads\/2025\/03\/DSC03935-150x150.jpg\" class=\"attachment-thumbnail size-thumbnail\" alt=\"\" \/><\/a>\n\t\t\t<\/div><\/figure>\n\t\t<\/div>\n\n\n\n<p class=\"has-text-align-left\">Galeria Domu Norymberskiego w Krakowie<\/p>\n\n\n\n<p class=\"has-text-align-left\">Na drugim planie. Ukryte w o\u0142tarzu Wita Stwosza<\/p>\n\n\n\n<p class=\"has-text-align-left\">kuratorka: Agnieszka Jankowska -Marzec<\/p>\n\n\n\n<p class=\"has-text-align-left\">Termin wystawy: 13.01 \u2013 09.02.2023<\/p>\n\n\n\n<p class=\"has-text-align-left\"><a href=\"http:\/\/dom-norymberski.com\/marta-bozyk-na-drugim-planie-ukryte-w-oltarzu-wita-stwosza-wystawa\/\">http:\/\/dom-norymberski.com\/marta-bozyk-na-drugim-planie-ukryte-w-oltarzu-wita-stwosza-wystawa\/<\/a><\/p>\n\n\n\n<p class=\"has-text-align-left\">photos by Katarzyna Ni\u017cegorodcew<\/p>\n\n\n\n<p><\/p>\n","protected":false},"excerpt":{"rendered":"<p>Galeria Domu Norymberskiego w Krakowie Na drugim planie. Ukryte w o\u0142tarzu Wita Stwosza kuratorka: Agnieszka.<\/p>\n","protected":false},"author":2,"featured_media":0,"parent":0,"menu_order":0,"comment_status":"closed","ping_status":"closed","template":"","meta":{"footnotes":""},"class_list":["post-779","page","type-page","status-publish","hentry"],"_links":{"self":[{"href":"https:\/\/martabozyk.asp.krakow.pl\/index.php?rest_route=\/wp\/v2\/pages\/779","targetHints":{"allow":["GET"]}}],"collection":[{"href":"https:\/\/martabozyk.asp.krakow.pl\/index.php?rest_route=\/wp\/v2\/pages"}],"about":[{"href":"https:\/\/martabozyk.asp.krakow.pl\/index.php?rest_route=\/wp\/v2\/types\/page"}],"author":[{"embeddable":true,"href":"https:\/\/martabozyk.asp.krakow.pl\/index.php?rest_route=\/wp\/v2\/users\/2"}],"replies":[{"embeddable":true,"href":"https:\/\/martabozyk.asp.krakow.pl\/index.php?rest_route=%2Fwp%2Fv2%2Fcomments&post=779"}],"version-history":[{"count":2,"href":"https:\/\/martabozyk.asp.krakow.pl\/index.php?rest_route=\/wp\/v2\/pages\/779\/revisions"}],"predecessor-version":[{"id":782,"href":"https:\/\/martabozyk.asp.krakow.pl\/index.php?rest_route=\/wp\/v2\/pages\/779\/revisions\/782"}],"wp:attachment":[{"href":"https:\/\/martabozyk.asp.krakow.pl\/index.php?rest_route=%2Fwp%2Fv2%2Fmedia&parent=779"}],"curies":[{"name":"wp","href":"https:\/\/api.w.org\/{rel}","templated":true}]}}