{"id":912,"date":"2025-03-27T16:13:14","date_gmt":"2025-03-27T15:13:14","guid":{"rendered":"https:\/\/martabozyk.asp.krakow.pl\/?page_id=912"},"modified":"2025-04-10T17:38:46","modified_gmt":"2025-04-10T15:38:46","slug":"912-2","status":"publish","type":"page","link":"https:\/\/martabozyk.asp.krakow.pl\/?page_id=912","title":{"rendered":"Obiekty z papieru \/ paper objects"},"content":{"rendered":"<p><strong><i>A Test For Humanity<\/i><\/strong><\/p>\n<p>Galeria El, Elbl\u0105g, 8.09.- 9.10.2022. Kuratorka: Barbara Kasperczyk-Gorlak<\/p>\n<p>Wystawa towarzysz\u0105ca 7 Mi\u0119dzynarodowemu Triennale Grafiki &#8222;Od Ksi\u0119gi Gutenberga do Cyfrowej Rzeczywisto\u015bci&#8221; &#8211; Gda\u0144sk 2022, w ramach pleneru Refleksy.\u00a0<\/p>\n<div id='gallery-1' class='gallery galleryid-912 gallery-columns-3 gallery-size-medium'><figure class='gallery-item'>\n\t\t\t<div class='gallery-icon portrait'>\n\t\t\t\t<a href='https:\/\/martabozyk.asp.krakow.pl\/?attachment_id=939'><img loading=\"lazy\" decoding=\"async\" width=\"292\" height=\"300\" src=\"https:\/\/martabozyk.asp.krakow.pl\/wp-content\/uploads\/2025\/03\/IMG_6655-292x300.jpg\" class=\"attachment-medium size-medium\" alt=\"\" srcset=\"https:\/\/martabozyk.asp.krakow.pl\/wp-content\/uploads\/2025\/03\/IMG_6655-292x300.jpg 292w, https:\/\/martabozyk.asp.krakow.pl\/wp-content\/uploads\/2025\/03\/IMG_6655.jpg 311w\" sizes=\"auto, (max-width: 292px) 100vw, 292px\" \/><\/a>\n\t\t\t<\/div><\/figure><figure class='gallery-item'>\n\t\t\t<div class='gallery-icon portrait'>\n\t\t\t\t<a href='https:\/\/martabozyk.asp.krakow.pl\/?attachment_id=942'><img loading=\"lazy\" decoding=\"async\" width=\"240\" height=\"300\" src=\"https:\/\/martabozyk.asp.krakow.pl\/wp-content\/uploads\/2025\/03\/A0E29CC0-A1F2-4597-901A-987454EAE7C1-240x300.jpg\" class=\"attachment-medium size-medium\" alt=\"\" srcset=\"https:\/\/martabozyk.asp.krakow.pl\/wp-content\/uploads\/2025\/03\/A0E29CC0-A1F2-4597-901A-987454EAE7C1-240x300.jpg 240w, https:\/\/martabozyk.asp.krakow.pl\/wp-content\/uploads\/2025\/03\/A0E29CC0-A1F2-4597-901A-987454EAE7C1.jpg 256w\" sizes=\"auto, (max-width: 240px) 100vw, 240px\" \/><\/a>\n\t\t\t<\/div><\/figure><figure class='gallery-item'>\n\t\t\t<div class='gallery-icon portrait'>\n\t\t\t\t<a href='https:\/\/martabozyk.asp.krakow.pl\/?attachment_id=940'><img loading=\"lazy\" decoding=\"async\" width=\"225\" height=\"300\" src=\"https:\/\/martabozyk.asp.krakow.pl\/wp-content\/uploads\/2025\/03\/IMG_6684-225x300.jpg\" class=\"attachment-medium size-medium\" alt=\"\" srcset=\"https:\/\/martabozyk.asp.krakow.pl\/wp-content\/uploads\/2025\/03\/IMG_6684-225x300.jpg 225w, https:\/\/martabozyk.asp.krakow.pl\/wp-content\/uploads\/2025\/03\/IMG_6684-768x1024.jpg 768w, https:\/\/martabozyk.asp.krakow.pl\/wp-content\/uploads\/2025\/03\/IMG_6684-1152x1536.jpg 1152w, https:\/\/martabozyk.asp.krakow.pl\/wp-content\/uploads\/2025\/03\/IMG_6684-1536x2048.jpg 1536w, https:\/\/martabozyk.asp.krakow.pl\/wp-content\/uploads\/2025\/03\/IMG_6684-scaled.jpg 1920w\" sizes=\"auto, (max-width: 225px) 100vw, 225px\" \/><\/a>\n\t\t\t<\/div><\/figure><figure class='gallery-item'>\n\t\t\t<div class='gallery-icon portrait'>\n\t\t\t\t<a href='https:\/\/martabozyk.asp.krakow.pl\/?attachment_id=943'><img loading=\"lazy\" decoding=\"async\" width=\"240\" height=\"300\" src=\"https:\/\/martabozyk.asp.krakow.pl\/wp-content\/uploads\/2025\/03\/EA21C73F-F07E-4A67-9BC3-479745EB3530-2-240x300.jpg\" class=\"attachment-medium size-medium\" alt=\"\" srcset=\"https:\/\/martabozyk.asp.krakow.pl\/wp-content\/uploads\/2025\/03\/EA21C73F-F07E-4A67-9BC3-479745EB3530-2-240x300.jpg 240w, https:\/\/martabozyk.asp.krakow.pl\/wp-content\/uploads\/2025\/03\/EA21C73F-F07E-4A67-9BC3-479745EB3530-2.jpg 256w\" sizes=\"auto, (max-width: 240px) 100vw, 240px\" \/><\/a>\n\t\t\t<\/div><\/figure><figure class='gallery-item'>\n\t\t\t<div class='gallery-icon portrait'>\n\t\t\t\t<a href='https:\/\/martabozyk.asp.krakow.pl\/?attachment_id=938'><img loading=\"lazy\" decoding=\"async\" width=\"185\" height=\"300\" src=\"https:\/\/martabozyk.asp.krakow.pl\/wp-content\/uploads\/2025\/03\/IMG_6573-185x300.jpg\" class=\"attachment-medium size-medium\" alt=\"\" srcset=\"https:\/\/martabozyk.asp.krakow.pl\/wp-content\/uploads\/2025\/03\/IMG_6573-185x300.jpg 185w, https:\/\/martabozyk.asp.krakow.pl\/wp-content\/uploads\/2025\/03\/IMG_6573.jpg 197w\" sizes=\"auto, (max-width: 185px) 100vw, 185px\" \/><\/a>\n\t\t\t<\/div><\/figure><figure class='gallery-item'>\n\t\t\t<div class='gallery-icon portrait'>\n\t\t\t\t<a href='https:\/\/martabozyk.asp.krakow.pl\/?attachment_id=937'><img loading=\"lazy\" decoding=\"async\" width=\"225\" height=\"300\" src=\"https:\/\/martabozyk.asp.krakow.pl\/wp-content\/uploads\/2025\/03\/IMG_6565-225x300.jpg\" class=\"attachment-medium size-medium\" alt=\"\" srcset=\"https:\/\/martabozyk.asp.krakow.pl\/wp-content\/uploads\/2025\/03\/IMG_6565-225x300.jpg 225w, https:\/\/martabozyk.asp.krakow.pl\/wp-content\/uploads\/2025\/03\/IMG_6565.jpg 240w\" sizes=\"auto, (max-width: 225px) 100vw, 225px\" \/><\/a>\n\t\t\t<\/div><\/figure>\n\t\t<\/div>\n\n<h3 class=\"post-title entry-title\"><a href=\"https:\/\/martabozyk.blogspot.com\/2022\/11\/pole-sztuki-art-meeting-tomaszowice-2022.html\">POLE SZTUKI &#8211; ART Meeting \u2013 Tomaszowice 2022<\/a><\/h3>\n<div id=\"post-body-5904507195282521402\" class=\"post-body entry-content\">\n<p>pa\u017adziernik \/listopad 2022, Galeria Panorama, Dw\u00f3r w Tomaszowicach<\/p>\n<p>kuratorka ZPAP: Ma\u0142gorzata Bundzewicz<\/p>\n<\/div>\n\n\n<figure class=\"wp-block-gallery has-nested-images columns-default is-cropped wp-block-gallery-1 is-layout-flex wp-block-gallery-is-layout-flex\">\n<figure class=\"wp-block-image size-large\"><a href=\"https:\/\/martabozyk.asp.krakow.pl\/wp-content\/uploads\/2025\/03\/Poszukiwanie-1_papier-w-szarosciach-2022_Marta-Bozyk.jpg\"><img loading=\"lazy\" decoding=\"async\" width=\"240\" height=\"320\" data-id=\"918\" src=\"https:\/\/martabozyk.asp.krakow.pl\/wp-content\/uploads\/2025\/03\/Poszukiwanie-1_papier-w-szarosciach-2022_Marta-Bozyk.jpg\" alt=\"\" class=\"wp-image-918\" srcset=\"https:\/\/martabozyk.asp.krakow.pl\/wp-content\/uploads\/2025\/03\/Poszukiwanie-1_papier-w-szarosciach-2022_Marta-Bozyk.jpg 240w, https:\/\/martabozyk.asp.krakow.pl\/wp-content\/uploads\/2025\/03\/Poszukiwanie-1_papier-w-szarosciach-2022_Marta-Bozyk-225x300.jpg 225w\" sizes=\"auto, (max-width: 240px) 100vw, 240px\" \/><\/a><figcaption class=\"wp-element-caption\">Poszukiwanie 1 &#8211; papier w szaro\u015bciach 2, 2022, papier czerpany z barwionej pulpy celulozowej<\/figcaption><\/figure>\n\n\n\n<figure class=\"wp-block-image size-large\"><a href=\"https:\/\/martabozyk.asp.krakow.pl\/wp-content\/uploads\/2025\/03\/Poszukiwanie-1_papier-trawiasty_2022_Marta-Bozyk.jpg\"><img loading=\"lazy\" decoding=\"async\" width=\"226\" height=\"320\" data-id=\"917\" src=\"https:\/\/martabozyk.asp.krakow.pl\/wp-content\/uploads\/2025\/03\/Poszukiwanie-1_papier-trawiasty_2022_Marta-Bozyk.jpg\" alt=\"\" class=\"wp-image-917\" srcset=\"https:\/\/martabozyk.asp.krakow.pl\/wp-content\/uploads\/2025\/03\/Poszukiwanie-1_papier-trawiasty_2022_Marta-Bozyk.jpg 226w, https:\/\/martabozyk.asp.krakow.pl\/wp-content\/uploads\/2025\/03\/Poszukiwanie-1_papier-trawiasty_2022_Marta-Bozyk-212x300.jpg 212w\" sizes=\"auto, (max-width: 226px) 100vw, 226px\" \/><\/a><figcaption class=\"wp-element-caption\">Poszukiwanie 1 &#8211; papier trawiasty, 2022<\/figcaption><\/figure>\n\n\n\n<figure class=\"wp-block-image size-large\"><a href=\"https:\/\/martabozyk.asp.krakow.pl\/wp-content\/uploads\/2025\/03\/Poszukiwanie-1_papier-deszczowy_2022_Marta-Bozyk.jpg\"><img loading=\"lazy\" decoding=\"async\" width=\"223\" height=\"320\" data-id=\"916\" src=\"https:\/\/martabozyk.asp.krakow.pl\/wp-content\/uploads\/2025\/03\/Poszukiwanie-1_papier-deszczowy_2022_Marta-Bozyk.jpg\" alt=\"\" class=\"wp-image-916\" srcset=\"https:\/\/martabozyk.asp.krakow.pl\/wp-content\/uploads\/2025\/03\/Poszukiwanie-1_papier-deszczowy_2022_Marta-Bozyk.jpg 223w, https:\/\/martabozyk.asp.krakow.pl\/wp-content\/uploads\/2025\/03\/Poszukiwanie-1_papier-deszczowy_2022_Marta-Bozyk-209x300.jpg 209w\" sizes=\"auto, (max-width: 223px) 100vw, 223px\" \/><\/a><figcaption class=\"wp-element-caption\">Poszukiwanie 1 &#8211; papier deszczowy, 2022, autorski papier czerpany z barwionej pulpy celulozowej<\/figcaption><\/figure>\n\n\n\n<figure class=\"wp-block-image size-large\"><a href=\"https:\/\/martabozyk.asp.krakow.pl\/wp-content\/uploads\/2025\/03\/IMG_7547.jpg\"><img loading=\"lazy\" decoding=\"async\" width=\"240\" height=\"320\" data-id=\"915\" src=\"https:\/\/martabozyk.asp.krakow.pl\/wp-content\/uploads\/2025\/03\/IMG_7547.jpg\" alt=\"\" class=\"wp-image-915\" srcset=\"https:\/\/martabozyk.asp.krakow.pl\/wp-content\/uploads\/2025\/03\/IMG_7547.jpg 240w, https:\/\/martabozyk.asp.krakow.pl\/wp-content\/uploads\/2025\/03\/IMG_7547-225x300.jpg 225w\" sizes=\"auto, (max-width: 240px) 100vw, 240px\" \/><\/a><\/figure>\n\n\n\n<figure class=\"wp-block-image size-large\"><a href=\"https:\/\/martabozyk.asp.krakow.pl\/wp-content\/uploads\/2025\/03\/Poszukiwanie-1_papier-zimowy_2022_Marta-Bozyk.jpg\"><img loading=\"lazy\" decoding=\"async\" width=\"229\" height=\"320\" data-id=\"913\" src=\"https:\/\/martabozyk.asp.krakow.pl\/wp-content\/uploads\/2025\/03\/Poszukiwanie-1_papier-zimowy_2022_Marta-Bozyk.jpg\" alt=\"\" class=\"wp-image-913\" srcset=\"https:\/\/martabozyk.asp.krakow.pl\/wp-content\/uploads\/2025\/03\/Poszukiwanie-1_papier-zimowy_2022_Marta-Bozyk.jpg 229w, https:\/\/martabozyk.asp.krakow.pl\/wp-content\/uploads\/2025\/03\/Poszukiwanie-1_papier-zimowy_2022_Marta-Bozyk-215x300.jpg 215w\" sizes=\"auto, (max-width: 229px) 100vw, 229px\" \/><\/a><figcaption class=\"wp-element-caption\">Poszukiwanie 1 &#8211; papier zimowy, 2022, autorski papier czerpany z barwionej pulpy celulozowej<\/figcaption><\/figure>\n\n\n\n<figure class=\"wp-block-image size-large\"><a href=\"https:\/\/martabozyk.asp.krakow.pl\/wp-content\/uploads\/2025\/03\/Poszukiwanie-1_papier-w-zieleni_2022_Marta-Bozyk.jpg\"><img loading=\"lazy\" decoding=\"async\" width=\"215\" height=\"320\" data-id=\"919\" src=\"https:\/\/martabozyk.asp.krakow.pl\/wp-content\/uploads\/2025\/03\/Poszukiwanie-1_papier-w-zieleni_2022_Marta-Bozyk.jpg\" alt=\"\" class=\"wp-image-919\" srcset=\"https:\/\/martabozyk.asp.krakow.pl\/wp-content\/uploads\/2025\/03\/Poszukiwanie-1_papier-w-zieleni_2022_Marta-Bozyk.jpg 215w, https:\/\/martabozyk.asp.krakow.pl\/wp-content\/uploads\/2025\/03\/Poszukiwanie-1_papier-w-zieleni_2022_Marta-Bozyk-202x300.jpg 202w\" sizes=\"auto, (max-width: 215px) 100vw, 215px\" \/><\/a><figcaption class=\"wp-element-caption\"><br><a href=\"http:\/\/martabozyk.asp.krakow.pl\/wp-content\/uploads\/2025\/03\/Poszukiwanie-1_papier-w-zieleni_2022_Marta-Bozyk.jpg\"> Poszukiwanie 1 &#8211; papier w zieleni, 2022 autorski papier czerpany z barwionej pulpy celulozowe<\/a><\/figcaption><\/figure>\n\n\n\n<figure class=\"wp-block-image size-large\"><a href=\"https:\/\/martabozyk.asp.krakow.pl\/wp-content\/uploads\/2025\/03\/68590249264__000D4575-4694-4EBA-B36A-C23E2D534495.jpg\"><img loading=\"lazy\" decoding=\"async\" width=\"320\" height=\"240\" data-id=\"914\" src=\"https:\/\/martabozyk.asp.krakow.pl\/wp-content\/uploads\/2025\/03\/68590249264__000D4575-4694-4EBA-B36A-C23E2D534495.jpg\" alt=\"\" class=\"wp-image-914\" srcset=\"https:\/\/martabozyk.asp.krakow.pl\/wp-content\/uploads\/2025\/03\/68590249264__000D4575-4694-4EBA-B36A-C23E2D534495.jpg 320w, https:\/\/martabozyk.asp.krakow.pl\/wp-content\/uploads\/2025\/03\/68590249264__000D4575-4694-4EBA-B36A-C23E2D534495-300x225.jpg 300w\" sizes=\"auto, (max-width: 320px) 100vw, 320px\" \/><\/a><figcaption class=\"wp-element-caption\">Poszukiwania, papier z barwionej pulpy celulozowej, widok ca\u0142o\u015bci<\/figcaption><\/figure>\n<\/figure>\n\n\n\n<p><\/p>\n","protected":false},"excerpt":{"rendered":"<p>A Test For Humanity Galeria El, Elbl\u0105g, 8.09.- 9.10.2022. Kuratorka: Barbara Kasperczyk-Gorlak Wystawa towarzysz\u0105ca 7.<\/p>\n","protected":false},"author":2,"featured_media":0,"parent":0,"menu_order":0,"comment_status":"closed","ping_status":"closed","template":"","meta":{"footnotes":""},"class_list":["post-912","page","type-page","status-publish","hentry"],"_links":{"self":[{"href":"https:\/\/martabozyk.asp.krakow.pl\/index.php?rest_route=\/wp\/v2\/pages\/912","targetHints":{"allow":["GET"]}}],"collection":[{"href":"https:\/\/martabozyk.asp.krakow.pl\/index.php?rest_route=\/wp\/v2\/pages"}],"about":[{"href":"https:\/\/martabozyk.asp.krakow.pl\/index.php?rest_route=\/wp\/v2\/types\/page"}],"author":[{"embeddable":true,"href":"https:\/\/martabozyk.asp.krakow.pl\/index.php?rest_route=\/wp\/v2\/users\/2"}],"replies":[{"embeddable":true,"href":"https:\/\/martabozyk.asp.krakow.pl\/index.php?rest_route=%2Fwp%2Fv2%2Fcomments&post=912"}],"version-history":[{"count":7,"href":"https:\/\/martabozyk.asp.krakow.pl\/index.php?rest_route=\/wp\/v2\/pages\/912\/revisions"}],"predecessor-version":[{"id":1105,"href":"https:\/\/martabozyk.asp.krakow.pl\/index.php?rest_route=\/wp\/v2\/pages\/912\/revisions\/1105"}],"wp:attachment":[{"href":"https:\/\/martabozyk.asp.krakow.pl\/index.php?rest_route=%2Fwp%2Fv2%2Fmedia&parent=912"}],"curies":[{"name":"wp","href":"https:\/\/api.w.org\/{rel}","templated":true}]}}